{"id":2539,"date":"2025-10-07T17:34:33","date_gmt":"2025-10-07T15:34:33","guid":{"rendered":"https:\/\/dev.ap4.hu\/?page_id=2539"},"modified":"2025-10-07T17:51:39","modified_gmt":"2025-10-07T15:51:39","slug":"koszonjuk-uzenetet","status":"publish","type":"page","link":"https:\/\/ap4.hu\/en\/koszonjuk-uzenetet\/","title":{"rendered":"K\u00f6sz\u00f6nj\u00fck \u00fczenet\u00e9t"},"content":{"rendered":"","protected":false},"excerpt":{"rendered":"","protected":false},"author":1,"featured_media":0,"parent":0,"menu_order":0,"comment_status":"closed","ping_status":"closed","template":"","meta":{"_acf_changed":false,"footnotes":""},"class_list":["post-2539","page","type-page","status-publish","hentry"],"acf":[],"_links":{"self":[{"href":"https:\/\/ap4.hu\/en\/wp-json\/wp\/v2\/pages\/2539","targetHints":{"allow":["GET"]}}],"collection":[{"href":"https:\/\/ap4.hu\/en\/wp-json\/wp\/v2\/pages"}],"about":[{"href":"https:\/\/ap4.hu\/en\/wp-json\/wp\/v2\/types\/page"}],"author":[{"embeddable":true,"href":"https:\/\/ap4.hu\/en\/wp-json\/wp\/v2\/users\/1"}],"replies":[{"embeddable":true,"href":"https:\/\/ap4.hu\/en\/wp-json\/wp\/v2\/comments?post=2539"}],"version-history":[{"count":0,"href":"https:\/\/ap4.hu\/en\/wp-json\/wp\/v2\/pages\/2539\/revisions"}],"wp:attachment":[{"href":"https:\/\/ap4.hu\/en\/wp-json\/wp\/v2\/media?parent=2539"}],"curies":[{"name":"wp","href":"https:\/\/api.w.org\/{rel}","templated":true}]}}